{"id":4934,"date":"2025-02-11T09:12:04","date_gmt":"2025-02-11T08:12:04","guid":{"rendered":"https:\/\/fundacionalexrivera.factorideas.dev\/transparency\/"},"modified":"2025-02-13T10:03:20","modified_gmt":"2025-02-13T09:03:20","slug":"transparency","status":"publish","type":"page","link":"https:\/\/fundacionalexrivera.org\/en\/transparency\/","title":{"rendered":"Transparency"},"content":{"rendered":"\t\t<div data-elementor-type=\"wp-page\" data-elementor-id=\"4934\" class=\"elementor elementor-4934 elementor-4614\" data-elementor-post-type=\"page\">\n\t\t\t\t<div class=\"elementor-element elementor-element-d8550df e-flex e-con-boxed e-con e-parent\" data-id=\"d8550df\" data-element_type=\"container\">\n\t\t\t\t\t<div class=\"e-con-inner\">\n\t\t\t\t<div class=\"elementor-element elementor-element-b3650fe elementor-widget elementor-widget-heading\" data-id=\"b3650fe\" data-element_type=\"widget\" data-widget_type=\"heading.default\">\n\t\t\t\t<div class=\"elementor-widget-container\">\n\t\t\t\t\t<h2 class=\"elementor-heading-title elementor-size-default\">Nos comprometemos a mantener la transparencia en todas las acciones que realizamos, asegurando que la informaci\u00f3n relevante est\u00e9 siempre a disposici\u00f3n de nuestros colaboradores.<\/h2>\t\t\t\t<\/div>\n\t\t\t\t<\/div>\n\t\t\t\t\t<\/div>\n\t\t\t\t<\/div>\n\t\t<div class=\"elementor-element elementor-element-5c208bb e-flex e-con-boxed e-con e-parent\" data-id=\"5c208bb\" data-element_type=\"container\">\n\t\t\t\t\t<div class=\"e-con-inner\">\n\t\t\t\t<div class=\"elementor-element elementor-element-c433c64 elementor-widget elementor-widget-text-editor\" data-id=\"c433c64\" data-element_type=\"widget\" data-widget_type=\"text-editor.default\">\n\t\t\t\t<div class=\"elementor-widget-container\">\n\t\t\t\t\t\t\t\t\t<h2>Documentaci\u00f3n<\/h2>\n\t\t\t\t\t\t\t\t<\/div>\n\t\t\t\t<\/div>\n\t\t\t\t\t<\/div>\n\t\t\t\t<\/div>\n\t\t<div class=\"elementor-element elementor-element-3828d38 e-flex e-con-boxed e-con e-parent\" data-id=\"3828d38\" data-element_type=\"container\">\n\t\t\t\t\t<div class=\"e-con-inner\">\n\t\t\t\t<div class=\"elementor-element elementor-element-d4f1e9a elementor-widget elementor-widget-text-editor\" data-id=\"d4f1e9a\" data-element_type=\"widget\" data-widget_type=\"text-editor.default\">\n\t\t\t\t<div class=\"elementor-widget-container\">\n\t\t\t\t\t\t\t\t\t<h2>Memorias<\/h2>\n\t\t\t\t\t\t\t\t<\/div>\n\t\t\t\t<\/div>\n\t\t\t\t\t<\/div>\n\t\t\t\t<\/div>\n\t\t\t\t<\/div>\n\t\t","protected":false},"excerpt":{"rendered":"<p>Nos comprometemos a mantener la transparencia en todas las acciones que realizamos, asegurando que la informaci\u00f3n relevante est\u00e9 siempre a disposici\u00f3n de nuestros colaboradores. Documentaci\u00f3n Memorias<\/p>\n","protected":false},"author":9,"featured_media":0,"parent":0,"menu_order":0,"comment_status":"closed","ping_status":"closed","template":"elementor_header_footer","meta":{"_acf_changed":false,"footnotes":""},"class_list":["post-4934","page","type-page","status-publish","hentry"],"acf":[],"yoast_head":"<!-- This site is optimized with the Yoast SEO plugin v27.5 - https:\/\/yoast.com\/product\/yoast-seo-wordpress\/ -->\n<title>Transparency &#8902; Fundaci\u00f3n \u00c1lex Rivera<\/title>\n<meta name=\"description\" content=\"Contacta con la Fundaci\u00f3n \u00c1lex Rivera.\" \/>\n<meta name=\"robots\" content=\"index, follow, max-snippet:-1, max-image-preview:large, max-video-preview:-1\" \/>\n<link rel=\"canonical\" href=\"https:\/\/fundacionalexrivera.org\/transparencia\/\" \/>\n<meta property=\"og:locale\" content=\"en_US\" \/>\n<meta property=\"og:type\" content=\"article\" \/>\n<meta property=\"og:title\" content=\"Transparency &#8902; Fundaci\u00f3n \u00c1lex Rivera\" \/>\n<meta property=\"og:description\" content=\"Contacta con la Fundaci\u00f3n \u00c1lex Rivera.\" \/>\n<meta property=\"og:url\" content=\"https:\/\/fundacionalexrivera.org\/transparencia\/\" \/>\n<meta property=\"og:site_name\" content=\"Fundaci\u00f3n \u00c1lex Rivera\" \/>\n<meta property=\"article:modified_time\" content=\"2025-02-13T09:03:20+00:00\" \/>\n<meta property=\"og:image\" content=\"https:\/\/fundacionalexrivera.org\/wp-content\/uploads\/2023\/09\/QueHacemos_Portada.jpg\" \/>\n\t<meta property=\"og:image:width\" content=\"2000\" \/>\n\t<meta property=\"og:image:height\" content=\"1280\" \/>\n\t<meta property=\"og:image:type\" content=\"image\/jpeg\" \/>\n<meta name=\"twitter:card\" content=\"summary_large_image\" \/>\n<script type=\"application\/ld+json\" class=\"yoast-schema-graph\">{\"@context\":\"https:\\\/\\\/schema.org\",\"@graph\":[{\"@type\":\"WebPage\",\"@id\":\"https:\\\/\\\/fundacionalexrivera.org\\\/transparencia\\\/\",\"url\":\"https:\\\/\\\/fundacionalexrivera.org\\\/transparencia\\\/\",\"name\":\"Transparency &#8902; Fundaci\u00f3n \u00c1lex Rivera\",\"isPartOf\":{\"@id\":\"https:\\\/\\\/fundacionalexrivera.org\\\/#website\"},\"datePublished\":\"2025-02-11T08:12:04+00:00\",\"dateModified\":\"2025-02-13T09:03:20+00:00\",\"description\":\"Contacta con la Fundaci\u00f3n \u00c1lex Rivera.\",\"breadcrumb\":{\"@id\":\"https:\\\/\\\/fundacionalexrivera.org\\\/transparencia\\\/#breadcrumb\"},\"inLanguage\":\"en-US\",\"potentialAction\":[{\"@type\":\"ReadAction\",\"target\":[\"https:\\\/\\\/fundacionalexrivera.org\\\/transparencia\\\/\"]}]},{\"@type\":\"BreadcrumbList\",\"@id\":\"https:\\\/\\\/fundacionalexrivera.org\\\/transparencia\\\/#breadcrumb\",\"itemListElement\":[{\"@type\":\"ListItem\",\"position\":1,\"name\":\"Portada\",\"item\":\"https:\\\/\\\/fundacionalexrivera.org\\\/en\\\/\"},{\"@type\":\"ListItem\",\"position\":2,\"name\":\"Transparency\"}]},{\"@type\":\"WebSite\",\"@id\":\"https:\\\/\\\/fundacionalexrivera.org\\\/#website\",\"url\":\"https:\\\/\\\/fundacionalexrivera.org\\\/\",\"name\":\"Fundaci\u00f3n \u00c1lex Rivera\",\"description\":\"Estamos en el mundo para que las personas adultas con s\u00edndrome de Down tengan la mejor calidad de vida.\",\"publisher\":{\"@id\":\"https:\\\/\\\/fundacionalexrivera.org\\\/#organization\"},\"alternateName\":\"La Fundaci\u00f3n \u00c1lex Rivera es, posiblemente, la primera Fundaci\u00f3n a nivel mundial enfocada exclusivamente en la etapa adulta del s\u00edndrome de Down.\",\"potentialAction\":[{\"@type\":\"SearchAction\",\"target\":{\"@type\":\"EntryPoint\",\"urlTemplate\":\"https:\\\/\\\/fundacionalexrivera.org\\\/?s={search_term_string}\"},\"query-input\":{\"@type\":\"PropertyValueSpecification\",\"valueRequired\":true,\"valueName\":\"search_term_string\"}}],\"inLanguage\":\"en-US\"},{\"@type\":\"Organization\",\"@id\":\"https:\\\/\\\/fundacionalexrivera.org\\\/#organization\",\"name\":\"Fundaci\u00f3n \u00c1lex Rivera\",\"url\":\"https:\\\/\\\/fundacionalexrivera.org\\\/\",\"logo\":{\"@type\":\"ImageObject\",\"inLanguage\":\"en-US\",\"@id\":\"https:\\\/\\\/fundacionalexrivera.org\\\/#\\\/schema\\\/logo\\\/image\\\/\",\"url\":\"https:\\\/\\\/fundacionalexrivera.org\\\/wp-content\\\/uploads\\\/2023\\\/09\\\/logo-FundacionAlexRivera.png\",\"contentUrl\":\"https:\\\/\\\/fundacionalexrivera.org\\\/wp-content\\\/uploads\\\/2023\\\/09\\\/logo-FundacionAlexRivera.png\",\"width\":523,\"height\":404,\"caption\":\"Fundaci\u00f3n \u00c1lex Rivera\"},\"image\":{\"@id\":\"https:\\\/\\\/fundacionalexrivera.org\\\/#\\\/schema\\\/logo\\\/image\\\/\"},\"sameAs\":[\"https:\\\/\\\/www.instagram.com\\\/fundacionalexrivera\",\"https:\\\/\\\/www.linkedin.com\\\/company\\\/fundaci\u00f3n-alex-rivera\\\/about\\\/\"]}]}<\/script>\n<!-- \/ Yoast SEO plugin. -->","yoast_head_json":{"title":"Transparency &#8902; Fundaci\u00f3n \u00c1lex Rivera","description":"Contacta con la Fundaci\u00f3n \u00c1lex Rivera.","robots":{"index":"index","follow":"follow","max-snippet":"max-snippet:-1","max-image-preview":"max-image-preview:large","max-video-preview":"max-video-preview:-1"},"canonical":"https:\/\/fundacionalexrivera.org\/transparencia\/","og_locale":"en_US","og_type":"article","og_title":"Transparency &#8902; Fundaci\u00f3n \u00c1lex Rivera","og_description":"Contacta con la Fundaci\u00f3n \u00c1lex Rivera.","og_url":"https:\/\/fundacionalexrivera.org\/transparencia\/","og_site_name":"Fundaci\u00f3n \u00c1lex Rivera","article_modified_time":"2025-02-13T09:03:20+00:00","og_image":[{"width":2000,"height":1280,"url":"https:\/\/fundacionalexrivera.org\/wp-content\/uploads\/2023\/09\/QueHacemos_Portada.jpg","type":"image\/jpeg"}],"twitter_card":"summary_large_image","schema":{"@context":"https:\/\/schema.org","@graph":[{"@type":"WebPage","@id":"https:\/\/fundacionalexrivera.org\/transparencia\/","url":"https:\/\/fundacionalexrivera.org\/transparencia\/","name":"Transparency &#8902; Fundaci\u00f3n \u00c1lex Rivera","isPartOf":{"@id":"https:\/\/fundacionalexrivera.org\/#website"},"datePublished":"2025-02-11T08:12:04+00:00","dateModified":"2025-02-13T09:03:20+00:00","description":"Contacta con la Fundaci\u00f3n \u00c1lex Rivera.","breadcrumb":{"@id":"https:\/\/fundacionalexrivera.org\/transparencia\/#breadcrumb"},"inLanguage":"en-US","potentialAction":[{"@type":"ReadAction","target":["https:\/\/fundacionalexrivera.org\/transparencia\/"]}]},{"@type":"BreadcrumbList","@id":"https:\/\/fundacionalexrivera.org\/transparencia\/#breadcrumb","itemListElement":[{"@type":"ListItem","position":1,"name":"Portada","item":"https:\/\/fundacionalexrivera.org\/en\/"},{"@type":"ListItem","position":2,"name":"Transparency"}]},{"@type":"WebSite","@id":"https:\/\/fundacionalexrivera.org\/#website","url":"https:\/\/fundacionalexrivera.org\/","name":"Fundaci\u00f3n \u00c1lex Rivera","description":"Estamos en el mundo para que las personas adultas con s\u00edndrome de Down tengan la mejor calidad de vida.","publisher":{"@id":"https:\/\/fundacionalexrivera.org\/#organization"},"alternateName":"La Fundaci\u00f3n \u00c1lex Rivera es, posiblemente, la primera Fundaci\u00f3n a nivel mundial enfocada exclusivamente en la etapa adulta del s\u00edndrome de Down.","potentialAction":[{"@type":"SearchAction","target":{"@type":"EntryPoint","urlTemplate":"https:\/\/fundacionalexrivera.org\/?s={search_term_string}"},"query-input":{"@type":"PropertyValueSpecification","valueRequired":true,"valueName":"search_term_string"}}],"inLanguage":"en-US"},{"@type":"Organization","@id":"https:\/\/fundacionalexrivera.org\/#organization","name":"Fundaci\u00f3n \u00c1lex Rivera","url":"https:\/\/fundacionalexrivera.org\/","logo":{"@type":"ImageObject","inLanguage":"en-US","@id":"https:\/\/fundacionalexrivera.org\/#\/schema\/logo\/image\/","url":"https:\/\/fundacionalexrivera.org\/wp-content\/uploads\/2023\/09\/logo-FundacionAlexRivera.png","contentUrl":"https:\/\/fundacionalexrivera.org\/wp-content\/uploads\/2023\/09\/logo-FundacionAlexRivera.png","width":523,"height":404,"caption":"Fundaci\u00f3n \u00c1lex Rivera"},"image":{"@id":"https:\/\/fundacionalexrivera.org\/#\/schema\/logo\/image\/"},"sameAs":["https:\/\/www.instagram.com\/fundacionalexrivera","https:\/\/www.linkedin.com\/company\/fundaci\u00f3n-alex-rivera\/about\/"]}]}},"_links":{"self":[{"href":"https:\/\/fundacionalexrivera.org\/en\/wp-json\/wp\/v2\/pages\/4934","targetHints":{"allow":["GET"]}}],"collection":[{"href":"https:\/\/fundacionalexrivera.org\/en\/wp-json\/wp\/v2\/pages"}],"about":[{"href":"https:\/\/fundacionalexrivera.org\/en\/wp-json\/wp\/v2\/types\/page"}],"author":[{"embeddable":true,"href":"https:\/\/fundacionalexrivera.org\/en\/wp-json\/wp\/v2\/users\/9"}],"replies":[{"embeddable":true,"href":"https:\/\/fundacionalexrivera.org\/en\/wp-json\/wp\/v2\/comments?post=4934"}],"version-history":[{"count":1,"href":"https:\/\/fundacionalexrivera.org\/en\/wp-json\/wp\/v2\/pages\/4934\/revisions"}],"predecessor-version":[{"id":4935,"href":"https:\/\/fundacionalexrivera.org\/en\/wp-json\/wp\/v2\/pages\/4934\/revisions\/4935"}],"wp:attachment":[{"href":"https:\/\/fundacionalexrivera.org\/en\/wp-json\/wp\/v2\/media?parent=4934"}],"curies":[{"name":"wp","href":"https:\/\/api.w.org\/{rel}","templated":true}]}}