{"id":1308,"date":"2024-03-14T10:31:04","date_gmt":"2024-03-14T09:31:04","guid":{"rendered":"https:\/\/fundacionalexrivera.org\/terms-and-conditions\/"},"modified":"2024-04-23T15:31:27","modified_gmt":"2024-04-23T13:31:27","slug":"terms-and-conditions","status":"publish","type":"page","link":"https:\/\/fundacionalexrivera.org\/en\/terms-and-conditions\/","title":{"rendered":"Terms and conditions"},"content":{"rendered":"\n<p>These general conditions apply to all donation payments made on our website.<\/p>\n\n<h3 class=\"wp-block-heading\">1. Identification<\/h3>\n\n<p>The \u00c1lex Rivera Foundation (the <strong>&#8220;Foundation&#8221;<\/strong>) is a non-profit foundation, with CIF G 10715597, with a registered office for notifications at Calle Babilonia 2, Madrid, and phone number +34 655 152 132.&#13;\n<\/p>\n\n<h3 class=\"wp-block-heading\">2. Activity<\/h3>\n\n<p>The \u00c1lex Rivera Foundation carries out projects and solidarity actions to improve the quality of life for adults with Down syndrome, promoting their independence through employment, housing, technology, and visibility.&#13;\n<\/p>\n\n<h3 class=\"wp-block-heading\">3. Payment Methods<\/h3>\n\n<p>Donors can freely choose to pay their donations via credit card (MasterCard, Visa), Bizum, Apple Pay, or Google Pay. Subsequently, the donor must fill out a form with their personal information and NIF to correctly identify the donation and so we can issue the corresponding donation certificate. Donations are accepted as irrevocable gifts, so cancellation or refund is not possible.&#13;\n<\/p>\n\n<h3 class=\"wp-block-heading\">4. Security and Confidentiality<\/h3>\n\n<p>The \u00c1lex Rivera Foundation guarantees security and confidentiality in all communications with its donors. All online payment operations are carried out through a secure server, based on the SSL standard, which protects the data against attempts of violation by third parties.&#13;\n<\/p>\n\n<p>The \u00c1lex Rivera Foundation guarantees the protection and confidentiality of personal, residential, payment, and any other type of data provided by our donors, according to the European Data Protection Regulation (see the privacy policy). All data provided by our donors to the \u00c1lex Rivera Foundation will be included in an automated personal data file created and maintained under the Foundation&#8217;s responsibility, with the intended purpose established during data collection.<\/p>\n\n<p>In compliance with the European Data Protection Regulation, donors of the \u00c1lex Rivera Foundation can, at any time, exercise their rights to access, rectification, cancellation, and opposition concerning their personal data by writing to the \u00c1lex Rivera Foundation, Calle Babilonia 2, 28042 Madrid, or by emailing info@fundacionalexrivera.org.<\/p>\n\n<h3 class=\"wp-block-heading\">5. Minimum Donation, Acceptance, and International Donations<\/h3>\n\n<p><strong>A. <\/strong>To make a one-time online donation, the user must go to the &#8220;Colabora&#8221; section on our website, and once there, select the amount they wish to donate (the maximum amount is 5,000 euros).<\/p>\n\n<p>In accordance with Article 42 of Royal Decree 304\/2014, of May 5, which approves the Regulation of Law 10\/2010, of April 28, on the prevention of money laundering and the financing of terrorism, the \u00c1lex Rivera Foundation will identify donors making donations exceeding one hundred (100) euros. For this reason, it is necessary that you provide the corresponding proof of identity (NIF, passport, etc.).<\/p>\n\n<p><strong>B.<\/strong> Our virtual platform allows us to accept donations from all over the world.&#13;\n&#13;\n<\/p>\n\n<h3 class=\"wp-block-heading\">6. Cancellation and Refund Policy<\/h3>\n\n<p>Cancellations or refunds for donations already made are not accepted. Donors understand and agree that all donations processed on the website are final, so donors waive their right to claim a refund or reversal. The \u00c1lex Rivera Foundation does not process or execute refunds for amounts donated through the website.&#13;\n<\/p>\n\n<h3 class=\"wp-block-heading\">7. General Conditions<\/h3>\n\n<ul class=\"wp-block-list\">\n<li>The \u00c1lex Rivera Foundation reserves the right to accept or reject a donation. The Foundation will not accept donations from illegal sources, criminal associations or organizations, or donations that condition the Foundation or its projects.&#13;\n<\/li>\n\n\n\n<li>The \u00c1lex Rivera Foundation is included among those regulated by Law 49\/2002, of December 23, on the tax regime for non-profit entities and tax incentives for patronage, so donors can benefit from the legally established deductions for tax purposes. They will receive their donation certificate via email for the corresponding purposes.&#13;\n<\/li>\n\n\n\n<li>In case of doubts or claims about donations made on the website, donors can contact the \u00c1lex Rivera Foundation through the &#8220;<a href=\"https:\/\/fundacionalexrivera.org\/en\/contact-the-alex-rivera-foundation\/\">Contact<\/a>&#8221; section on the website.<\/li>\n<\/ul>\n","protected":false},"excerpt":{"rendered":"<p>These general conditions apply to all donation payments made on our website. 1. Identification The \u00c1lex Rivera Foundation (the &#8220;Foundation&#8221;) is a non-profit foundation, with CIF G 10715597, with a registered office for notifications at Calle Babilonia 2, Madrid, and phone number +34 655 152 132.&#13; 2. Activity The \u00c1lex Rivera Foundation carries out projects [&hellip;]<\/p>\n","protected":false},"author":1,"featured_media":0,"parent":0,"menu_order":0,"comment_status":"closed","ping_status":"closed","template":"","meta":{"_acf_changed":false,"footnotes":""},"class_list":["post-1308","page","type-page","status-publish","hentry"],"acf":[],"yoast_head":"<!-- This site is optimized with the Yoast SEO plugin v27.5 - https:\/\/yoast.com\/product\/yoast-seo-wordpress\/ -->\n<title>Terms and conditions &#8902; Fundaci\u00f3n \u00c1lex Rivera<\/title>\n<meta name=\"robots\" content=\"index, follow, max-snippet:-1, max-image-preview:large, max-video-preview:-1\" \/>\n<link rel=\"canonical\" href=\"https:\/\/fundacionalexrivera.org\/en\/terms-and-conditions\/\" \/>\n<meta property=\"og:locale\" content=\"en_US\" \/>\n<meta property=\"og:type\" content=\"article\" \/>\n<meta property=\"og:title\" content=\"Terms and conditions &#8902; Fundaci\u00f3n \u00c1lex Rivera\" \/>\n<meta property=\"og:description\" content=\"These general conditions apply to all donation payments made on our website. 1. Identification The \u00c1lex Rivera Foundation (the &#8220;Foundation&#8221;) is a non-profit foundation, with CIF G 10715597, with a registered office for notifications at Calle Babilonia 2, Madrid, and phone number +34 655 152 132.&#013; 2. Activity The \u00c1lex Rivera Foundation carries out projects [&hellip;]\" \/>\n<meta property=\"og:url\" content=\"https:\/\/fundacionalexrivera.org\/en\/terms-and-conditions\/\" \/>\n<meta property=\"og:site_name\" content=\"Fundaci\u00f3n \u00c1lex Rivera\" \/>\n<meta property=\"article:modified_time\" content=\"2024-04-23T13:31:27+00:00\" \/>\n<meta property=\"og:image\" content=\"https:\/\/fundacionalexrivera.org\/wp-content\/uploads\/2023\/09\/QueHacemos_Portada.jpg\" \/>\n\t<meta property=\"og:image:width\" content=\"2000\" \/>\n\t<meta property=\"og:image:height\" content=\"1280\" \/>\n\t<meta property=\"og:image:type\" content=\"image\/jpeg\" \/>\n<meta name=\"twitter:card\" content=\"summary_large_image\" \/>\n<meta name=\"twitter:label1\" content=\"Est. reading time\" \/>\n\t<meta name=\"twitter:data1\" content=\"3 minutes\" \/>\n<script type=\"application\/ld+json\" class=\"yoast-schema-graph\">{\"@context\":\"https:\\\/\\\/schema.org\",\"@graph\":[{\"@type\":\"WebPage\",\"@id\":\"https:\\\/\\\/fundacionalexrivera.org\\\/en\\\/terms-and-conditions\\\/\",\"url\":\"https:\\\/\\\/fundacionalexrivera.org\\\/en\\\/terms-and-conditions\\\/\",\"name\":\"Terms and conditions &#8902; Fundaci\u00f3n \u00c1lex Rivera\",\"isPartOf\":{\"@id\":\"https:\\\/\\\/fundacionalexrivera.org\\\/#website\"},\"datePublished\":\"2024-03-14T09:31:04+00:00\",\"dateModified\":\"2024-04-23T13:31:27+00:00\",\"breadcrumb\":{\"@id\":\"https:\\\/\\\/fundacionalexrivera.org\\\/en\\\/terms-and-conditions\\\/#breadcrumb\"},\"inLanguage\":\"en-US\",\"potentialAction\":[{\"@type\":\"ReadAction\",\"target\":[\"https:\\\/\\\/fundacionalexrivera.org\\\/en\\\/terms-and-conditions\\\/\"]}]},{\"@type\":\"BreadcrumbList\",\"@id\":\"https:\\\/\\\/fundacionalexrivera.org\\\/en\\\/terms-and-conditions\\\/#breadcrumb\",\"itemListElement\":[{\"@type\":\"ListItem\",\"position\":1,\"name\":\"Portada\",\"item\":\"https:\\\/\\\/fundacionalexrivera.org\\\/en\\\/\"},{\"@type\":\"ListItem\",\"position\":2,\"name\":\"Terms and conditions\"}]},{\"@type\":\"WebSite\",\"@id\":\"https:\\\/\\\/fundacionalexrivera.org\\\/#website\",\"url\":\"https:\\\/\\\/fundacionalexrivera.org\\\/\",\"name\":\"Fundaci\u00f3n \u00c1lex Rivera\",\"description\":\"Estamos en el mundo para que las personas adultas con s\u00edndrome de Down tengan la mejor calidad de vida.\",\"publisher\":{\"@id\":\"https:\\\/\\\/fundacionalexrivera.org\\\/#organization\"},\"alternateName\":\"La Fundaci\u00f3n \u00c1lex Rivera es, posiblemente, la primera Fundaci\u00f3n a nivel mundial enfocada exclusivamente en la etapa adulta del s\u00edndrome de Down.\",\"potentialAction\":[{\"@type\":\"SearchAction\",\"target\":{\"@type\":\"EntryPoint\",\"urlTemplate\":\"https:\\\/\\\/fundacionalexrivera.org\\\/?s={search_term_string}\"},\"query-input\":{\"@type\":\"PropertyValueSpecification\",\"valueRequired\":true,\"valueName\":\"search_term_string\"}}],\"inLanguage\":\"en-US\"},{\"@type\":\"Organization\",\"@id\":\"https:\\\/\\\/fundacionalexrivera.org\\\/#organization\",\"name\":\"Fundaci\u00f3n \u00c1lex Rivera\",\"url\":\"https:\\\/\\\/fundacionalexrivera.org\\\/\",\"logo\":{\"@type\":\"ImageObject\",\"inLanguage\":\"en-US\",\"@id\":\"https:\\\/\\\/fundacionalexrivera.org\\\/#\\\/schema\\\/logo\\\/image\\\/\",\"url\":\"https:\\\/\\\/fundacionalexrivera.org\\\/wp-content\\\/uploads\\\/2023\\\/09\\\/logo-FundacionAlexRivera.png\",\"contentUrl\":\"https:\\\/\\\/fundacionalexrivera.org\\\/wp-content\\\/uploads\\\/2023\\\/09\\\/logo-FundacionAlexRivera.png\",\"width\":523,\"height\":404,\"caption\":\"Fundaci\u00f3n \u00c1lex Rivera\"},\"image\":{\"@id\":\"https:\\\/\\\/fundacionalexrivera.org\\\/#\\\/schema\\\/logo\\\/image\\\/\"},\"sameAs\":[\"https:\\\/\\\/www.instagram.com\\\/fundacionalexrivera\",\"https:\\\/\\\/www.linkedin.com\\\/company\\\/fundaci\u00f3n-alex-rivera\\\/about\\\/\"]}]}<\/script>\n<!-- \/ Yoast SEO plugin. -->","yoast_head_json":{"title":"Terms and conditions &#8902; Fundaci\u00f3n \u00c1lex Rivera","robots":{"index":"index","follow":"follow","max-snippet":"max-snippet:-1","max-image-preview":"max-image-preview:large","max-video-preview":"max-video-preview:-1"},"canonical":"https:\/\/fundacionalexrivera.org\/en\/terms-and-conditions\/","og_locale":"en_US","og_type":"article","og_title":"Terms and conditions &#8902; Fundaci\u00f3n \u00c1lex Rivera","og_description":"These general conditions apply to all donation payments made on our website. 1. Identification The \u00c1lex Rivera Foundation (the &#8220;Foundation&#8221;) is a non-profit foundation, with CIF G 10715597, with a registered office for notifications at Calle Babilonia 2, Madrid, and phone number +34 655 152 132.&#13; 2. Activity The \u00c1lex Rivera Foundation carries out projects [&hellip;]","og_url":"https:\/\/fundacionalexrivera.org\/en\/terms-and-conditions\/","og_site_name":"Fundaci\u00f3n \u00c1lex Rivera","article_modified_time":"2024-04-23T13:31:27+00:00","og_image":[{"width":2000,"height":1280,"url":"https:\/\/fundacionalexrivera.org\/wp-content\/uploads\/2023\/09\/QueHacemos_Portada.jpg","type":"image\/jpeg"}],"twitter_card":"summary_large_image","twitter_misc":{"Est. reading time":"3 minutes"},"schema":{"@context":"https:\/\/schema.org","@graph":[{"@type":"WebPage","@id":"https:\/\/fundacionalexrivera.org\/en\/terms-and-conditions\/","url":"https:\/\/fundacionalexrivera.org\/en\/terms-and-conditions\/","name":"Terms and conditions &#8902; Fundaci\u00f3n \u00c1lex Rivera","isPartOf":{"@id":"https:\/\/fundacionalexrivera.org\/#website"},"datePublished":"2024-03-14T09:31:04+00:00","dateModified":"2024-04-23T13:31:27+00:00","breadcrumb":{"@id":"https:\/\/fundacionalexrivera.org\/en\/terms-and-conditions\/#breadcrumb"},"inLanguage":"en-US","potentialAction":[{"@type":"ReadAction","target":["https:\/\/fundacionalexrivera.org\/en\/terms-and-conditions\/"]}]},{"@type":"BreadcrumbList","@id":"https:\/\/fundacionalexrivera.org\/en\/terms-and-conditions\/#breadcrumb","itemListElement":[{"@type":"ListItem","position":1,"name":"Portada","item":"https:\/\/fundacionalexrivera.org\/en\/"},{"@type":"ListItem","position":2,"name":"Terms and conditions"}]},{"@type":"WebSite","@id":"https:\/\/fundacionalexrivera.org\/#website","url":"https:\/\/fundacionalexrivera.org\/","name":"Fundaci\u00f3n \u00c1lex Rivera","description":"Estamos en el mundo para que las personas adultas con s\u00edndrome de Down tengan la mejor calidad de vida.","publisher":{"@id":"https:\/\/fundacionalexrivera.org\/#organization"},"alternateName":"La Fundaci\u00f3n \u00c1lex Rivera es, posiblemente, la primera Fundaci\u00f3n a nivel mundial enfocada exclusivamente en la etapa adulta del s\u00edndrome de Down.","potentialAction":[{"@type":"SearchAction","target":{"@type":"EntryPoint","urlTemplate":"https:\/\/fundacionalexrivera.org\/?s={search_term_string}"},"query-input":{"@type":"PropertyValueSpecification","valueRequired":true,"valueName":"search_term_string"}}],"inLanguage":"en-US"},{"@type":"Organization","@id":"https:\/\/fundacionalexrivera.org\/#organization","name":"Fundaci\u00f3n \u00c1lex Rivera","url":"https:\/\/fundacionalexrivera.org\/","logo":{"@type":"ImageObject","inLanguage":"en-US","@id":"https:\/\/fundacionalexrivera.org\/#\/schema\/logo\/image\/","url":"https:\/\/fundacionalexrivera.org\/wp-content\/uploads\/2023\/09\/logo-FundacionAlexRivera.png","contentUrl":"https:\/\/fundacionalexrivera.org\/wp-content\/uploads\/2023\/09\/logo-FundacionAlexRivera.png","width":523,"height":404,"caption":"Fundaci\u00f3n \u00c1lex Rivera"},"image":{"@id":"https:\/\/fundacionalexrivera.org\/#\/schema\/logo\/image\/"},"sameAs":["https:\/\/www.instagram.com\/fundacionalexrivera","https:\/\/www.linkedin.com\/company\/fundaci\u00f3n-alex-rivera\/about\/"]}]}},"_links":{"self":[{"href":"https:\/\/fundacionalexrivera.org\/en\/wp-json\/wp\/v2\/pages\/1308","targetHints":{"allow":["GET"]}}],"collection":[{"href":"https:\/\/fundacionalexrivera.org\/en\/wp-json\/wp\/v2\/pages"}],"about":[{"href":"https:\/\/fundacionalexrivera.org\/en\/wp-json\/wp\/v2\/types\/page"}],"author":[{"embeddable":true,"href":"https:\/\/fundacionalexrivera.org\/en\/wp-json\/wp\/v2\/users\/1"}],"replies":[{"embeddable":true,"href":"https:\/\/fundacionalexrivera.org\/en\/wp-json\/wp\/v2\/comments?post=1308"}],"version-history":[{"count":5,"href":"https:\/\/fundacionalexrivera.org\/en\/wp-json\/wp\/v2\/pages\/1308\/revisions"}],"predecessor-version":[{"id":1315,"href":"https:\/\/fundacionalexrivera.org\/en\/wp-json\/wp\/v2\/pages\/1308\/revisions\/1315"}],"wp:attachment":[{"href":"https:\/\/fundacionalexrivera.org\/en\/wp-json\/wp\/v2\/media?parent=1308"}],"curies":[{"name":"wp","href":"https:\/\/api.w.org\/{rel}","templated":true}]}}