{"id":1068,"date":"2023-09-12T21:59:38","date_gmt":"2023-09-12T19:59:38","guid":{"rendered":"https:\/\/fundacionalexrivera.org\/contact-the-alex-rivera-foundation\/"},"modified":"2024-04-23T09:45:57","modified_gmt":"2024-04-23T07:45:57","slug":"contact-the-alex-rivera-foundation","status":"publish","type":"page","link":"https:\/\/fundacionalexrivera.org\/en\/contact-the-alex-rivera-foundation\/","title":{"rendered":"Contact"},"content":{"rendered":"\t\t<div data-elementor-type=\"wp-page\" data-elementor-id=\"1068\" class=\"elementor elementor-1068 elementor-231\" data-elementor-post-type=\"page\">\n\t\t\t\t<div class=\"elementor-element elementor-element-1c4f2b7 e-flex e-con-boxed e-con e-parent\" data-id=\"1c4f2b7\" data-element_type=\"container\" data-settings=\"{&quot;background_background&quot;:&quot;classic&quot;}\">\n\t\t\t\t\t<div class=\"e-con-inner\">\n\t\t<div class=\"elementor-element elementor-element-f5afc3e e-con-full e-flex e-con e-child\" data-id=\"f5afc3e\" data-element_type=\"container\">\n\t\t\t\t<div class=\"elementor-element elementor-element-4272571 elementor-widget elementor-widget-heading\" data-id=\"4272571\" data-element_type=\"widget\" data-widget_type=\"heading.default\">\n\t\t\t\t<div class=\"elementor-widget-container\">\n\t\t\t\t\t<h2 class=\"elementor-heading-title elementor-size-default\"><a href=\"tel:+34655152132\">+34 655 152 132<\/a><\/h2>\t\t\t\t<\/div>\n\t\t\t\t<\/div>\n\t\t\t\t<div class=\"elementor-element elementor-element-2680ac0 elementor-widget elementor-widget-heading\" data-id=\"2680ac0\" data-element_type=\"widget\" data-widget_type=\"heading.default\">\n\t\t\t\t<div class=\"elementor-widget-container\">\n\t\t\t\t\t<h3 class=\"elementor-heading-title elementor-size-default\"><a href=\"mailto:info@fundacionalexrivera.org\">info@fundacionalexrivera.org<\/a><\/h3>\t\t\t\t<\/div>\n\t\t\t\t<\/div>\n\t\t\t\t<div class=\"elementor-element elementor-element-b79d20e elementor-widget elementor-widget-heading\" data-id=\"b79d20e\" data-element_type=\"widget\" data-widget_type=\"heading.default\">\n\t\t\t\t<div class=\"elementor-widget-container\">\n\t\t\t\t\t<h3 class=\"elementor-heading-title elementor-size-default\">Calle Babilonia, 2,28042 Madrid<\/h3>\t\t\t\t<\/div>\n\t\t\t\t<\/div>\n\t\t\t\t<div class=\"elementor-element elementor-element-6eb30ba elementor-widget__width-auto elementor-widget elementor-widget-image\" data-id=\"6eb30ba\" data-element_type=\"widget\" data-widget_type=\"image.default\">\n\t\t\t\t<div class=\"elementor-widget-container\">\n\t\t\t\t\t\t\t\t\t\t\t\t\t\t\t<img decoding=\"async\" width=\"63\" height=\"33\" src=\"https:\/\/fundacionalexrivera.org\/wp-content\/uploads\/2023\/09\/dos-topos.svg\" class=\"attachment-large size-large wp-image-1000\" alt=\"Fundacion Alex Rivera\" \/>\t\t\t\t\t\t\t\t\t\t\t\t\t\t\t<\/div>\n\t\t\t\t<\/div>\n\t\t\t\t<\/div>\n\t\t<div class=\"elementor-element elementor-element-2f21c38 e-con-full e-flex e-con e-child\" data-id=\"2f21c38\" data-element_type=\"container\">\n\t\t\t\t<div class=\"elementor-element elementor-element-6b278eb elementor-widget elementor-widget-image\" data-id=\"6b278eb\" data-element_type=\"widget\" data-widget_type=\"image.default\">\n\t\t\t\t<div class=\"elementor-widget-container\">\n\t\t\t\t\t\t\t\t\t\t\t\t\t\t\t<img fetchpriority=\"high\" decoding=\"async\" width=\"637\" height=\"1024\" src=\"https:\/\/fundacionalexrivera.org\/wp-content\/uploads\/2023\/09\/a-contacta.svg\" class=\"attachment-large size-large wp-image-1007\" alt=\"Contacta Fundaci\u00f3n Alex Rivera\" \/>\t\t\t\t\t\t\t\t\t\t\t\t\t\t\t<\/div>\n\t\t\t\t<\/div>\n\t\t\t\t<\/div>\n\t\t\t\t\t<\/div>\n\t\t\t\t<\/div>\n\t\t\t\t<\/div>\n\t\t","protected":false},"excerpt":{"rendered":"<p>+34 655 152 132 info@fundacionalexrivera.org Calle Babilonia, 2,28042 Madrid<\/p>\n","protected":false},"author":1,"featured_media":0,"parent":0,"menu_order":0,"comment_status":"closed","ping_status":"closed","template":"elementor_header_footer","meta":{"_acf_changed":false,"footnotes":""},"class_list":["post-1068","page","type-page","status-publish","hentry"],"acf":[],"yoast_head":"<!-- This site is optimized with the Yoast SEO plugin v27.5 - https:\/\/yoast.com\/product\/yoast-seo-wordpress\/ -->\n<title>Contact &#8902; Fundaci\u00f3n \u00c1lex Rivera<\/title>\n<meta name=\"description\" content=\"Contact the Fundaci\u00f3n \u00c1lex Rivera.\" \/>\n<meta name=\"robots\" content=\"index, follow, max-snippet:-1, max-image-preview:large, max-video-preview:-1\" \/>\n<link rel=\"canonical\" href=\"https:\/\/fundacionalexrivera.org\/en\/contact-the-alex-rivera-foundation\/\" \/>\n<meta property=\"og:locale\" content=\"en_US\" \/>\n<meta property=\"og:type\" content=\"article\" \/>\n<meta property=\"og:title\" content=\"Contact &#8902; Fundaci\u00f3n \u00c1lex Rivera\" \/>\n<meta property=\"og:description\" content=\"Contact the Fundaci\u00f3n \u00c1lex Rivera.\" \/>\n<meta property=\"og:url\" content=\"https:\/\/fundacionalexrivera.org\/en\/contact-the-alex-rivera-foundation\/\" \/>\n<meta property=\"og:site_name\" content=\"Fundaci\u00f3n \u00c1lex Rivera\" \/>\n<meta property=\"article:modified_time\" content=\"2024-04-23T07:45:57+00:00\" \/>\n<meta property=\"og:image\" content=\"https:\/\/fundacionalexrivera.org\/wp-content\/uploads\/2023\/09\/dos-topos.svg\" \/>\n<meta name=\"twitter:card\" content=\"summary_large_image\" \/>\n<script type=\"application\/ld+json\" class=\"yoast-schema-graph\">{\"@context\":\"https:\\\/\\\/schema.org\",\"@graph\":[{\"@type\":\"WebPage\",\"@id\":\"https:\\\/\\\/fundacionalexrivera.org\\\/en\\\/contact-the-alex-rivera-foundation\\\/\",\"url\":\"https:\\\/\\\/fundacionalexrivera.org\\\/en\\\/contact-the-alex-rivera-foundation\\\/\",\"name\":\"Contact &#8902; Fundaci\u00f3n \u00c1lex Rivera\",\"isPartOf\":{\"@id\":\"https:\\\/\\\/fundacionalexrivera.org\\\/#website\"},\"primaryImageOfPage\":{\"@id\":\"https:\\\/\\\/fundacionalexrivera.org\\\/en\\\/contact-the-alex-rivera-foundation\\\/#primaryimage\"},\"image\":{\"@id\":\"https:\\\/\\\/fundacionalexrivera.org\\\/en\\\/contact-the-alex-rivera-foundation\\\/#primaryimage\"},\"thumbnailUrl\":\"https:\\\/\\\/fundacionalexrivera.org\\\/wp-content\\\/uploads\\\/2023\\\/09\\\/dos-topos.svg\",\"datePublished\":\"2023-09-12T19:59:38+00:00\",\"dateModified\":\"2024-04-23T07:45:57+00:00\",\"description\":\"Contact the Fundaci\u00f3n \u00c1lex Rivera.\",\"breadcrumb\":{\"@id\":\"https:\\\/\\\/fundacionalexrivera.org\\\/en\\\/contact-the-alex-rivera-foundation\\\/#breadcrumb\"},\"inLanguage\":\"en-US\",\"potentialAction\":[{\"@type\":\"ReadAction\",\"target\":[\"https:\\\/\\\/fundacionalexrivera.org\\\/en\\\/contact-the-alex-rivera-foundation\\\/\"]}]},{\"@type\":\"ImageObject\",\"inLanguage\":\"en-US\",\"@id\":\"https:\\\/\\\/fundacionalexrivera.org\\\/en\\\/contact-the-alex-rivera-foundation\\\/#primaryimage\",\"url\":\"https:\\\/\\\/fundacionalexrivera.org\\\/wp-content\\\/uploads\\\/2023\\\/09\\\/dos-topos.svg\",\"contentUrl\":\"https:\\\/\\\/fundacionalexrivera.org\\\/wp-content\\\/uploads\\\/2023\\\/09\\\/dos-topos.svg\"},{\"@type\":\"BreadcrumbList\",\"@id\":\"https:\\\/\\\/fundacionalexrivera.org\\\/en\\\/contact-the-alex-rivera-foundation\\\/#breadcrumb\",\"itemListElement\":[{\"@type\":\"ListItem\",\"position\":1,\"name\":\"Portada\",\"item\":\"https:\\\/\\\/fundacionalexrivera.org\\\/en\\\/\"},{\"@type\":\"ListItem\",\"position\":2,\"name\":\"Contact\"}]},{\"@type\":\"WebSite\",\"@id\":\"https:\\\/\\\/fundacionalexrivera.org\\\/#website\",\"url\":\"https:\\\/\\\/fundacionalexrivera.org\\\/\",\"name\":\"Fundaci\u00f3n \u00c1lex Rivera\",\"description\":\"Estamos en el mundo para que las personas adultas con s\u00edndrome de Down tengan la mejor calidad de vida.\",\"publisher\":{\"@id\":\"https:\\\/\\\/fundacionalexrivera.org\\\/#organization\"},\"alternateName\":\"La Fundaci\u00f3n \u00c1lex Rivera es, posiblemente, la primera Fundaci\u00f3n a nivel mundial enfocada exclusivamente en la etapa adulta del s\u00edndrome de Down.\",\"potentialAction\":[{\"@type\":\"SearchAction\",\"target\":{\"@type\":\"EntryPoint\",\"urlTemplate\":\"https:\\\/\\\/fundacionalexrivera.org\\\/?s={search_term_string}\"},\"query-input\":{\"@type\":\"PropertyValueSpecification\",\"valueRequired\":true,\"valueName\":\"search_term_string\"}}],\"inLanguage\":\"en-US\"},{\"@type\":\"Organization\",\"@id\":\"https:\\\/\\\/fundacionalexrivera.org\\\/#organization\",\"name\":\"Fundaci\u00f3n \u00c1lex Rivera\",\"url\":\"https:\\\/\\\/fundacionalexrivera.org\\\/\",\"logo\":{\"@type\":\"ImageObject\",\"inLanguage\":\"en-US\",\"@id\":\"https:\\\/\\\/fundacionalexrivera.org\\\/#\\\/schema\\\/logo\\\/image\\\/\",\"url\":\"https:\\\/\\\/fundacionalexrivera.org\\\/wp-content\\\/uploads\\\/2023\\\/09\\\/logo-FundacionAlexRivera.png\",\"contentUrl\":\"https:\\\/\\\/fundacionalexrivera.org\\\/wp-content\\\/uploads\\\/2023\\\/09\\\/logo-FundacionAlexRivera.png\",\"width\":523,\"height\":404,\"caption\":\"Fundaci\u00f3n \u00c1lex Rivera\"},\"image\":{\"@id\":\"https:\\\/\\\/fundacionalexrivera.org\\\/#\\\/schema\\\/logo\\\/image\\\/\"},\"sameAs\":[\"https:\\\/\\\/www.instagram.com\\\/fundacionalexrivera\",\"https:\\\/\\\/www.linkedin.com\\\/company\\\/fundaci\u00f3n-alex-rivera\\\/about\\\/\"]}]}<\/script>\n<!-- \/ Yoast SEO plugin. -->","yoast_head_json":{"title":"Contact &#8902; Fundaci\u00f3n \u00c1lex Rivera","description":"Contact the Fundaci\u00f3n \u00c1lex Rivera.","robots":{"index":"index","follow":"follow","max-snippet":"max-snippet:-1","max-image-preview":"max-image-preview:large","max-video-preview":"max-video-preview:-1"},"canonical":"https:\/\/fundacionalexrivera.org\/en\/contact-the-alex-rivera-foundation\/","og_locale":"en_US","og_type":"article","og_title":"Contact &#8902; Fundaci\u00f3n \u00c1lex Rivera","og_description":"Contact the Fundaci\u00f3n \u00c1lex Rivera.","og_url":"https:\/\/fundacionalexrivera.org\/en\/contact-the-alex-rivera-foundation\/","og_site_name":"Fundaci\u00f3n \u00c1lex Rivera","article_modified_time":"2024-04-23T07:45:57+00:00","og_image":[{"url":"https:\/\/fundacionalexrivera.org\/wp-content\/uploads\/2023\/09\/dos-topos.svg","type":"","width":"","height":""}],"twitter_card":"summary_large_image","schema":{"@context":"https:\/\/schema.org","@graph":[{"@type":"WebPage","@id":"https:\/\/fundacionalexrivera.org\/en\/contact-the-alex-rivera-foundation\/","url":"https:\/\/fundacionalexrivera.org\/en\/contact-the-alex-rivera-foundation\/","name":"Contact &#8902; Fundaci\u00f3n \u00c1lex Rivera","isPartOf":{"@id":"https:\/\/fundacionalexrivera.org\/#website"},"primaryImageOfPage":{"@id":"https:\/\/fundacionalexrivera.org\/en\/contact-the-alex-rivera-foundation\/#primaryimage"},"image":{"@id":"https:\/\/fundacionalexrivera.org\/en\/contact-the-alex-rivera-foundation\/#primaryimage"},"thumbnailUrl":"https:\/\/fundacionalexrivera.org\/wp-content\/uploads\/2023\/09\/dos-topos.svg","datePublished":"2023-09-12T19:59:38+00:00","dateModified":"2024-04-23T07:45:57+00:00","description":"Contact the Fundaci\u00f3n \u00c1lex Rivera.","breadcrumb":{"@id":"https:\/\/fundacionalexrivera.org\/en\/contact-the-alex-rivera-foundation\/#breadcrumb"},"inLanguage":"en-US","potentialAction":[{"@type":"ReadAction","target":["https:\/\/fundacionalexrivera.org\/en\/contact-the-alex-rivera-foundation\/"]}]},{"@type":"ImageObject","inLanguage":"en-US","@id":"https:\/\/fundacionalexrivera.org\/en\/contact-the-alex-rivera-foundation\/#primaryimage","url":"https:\/\/fundacionalexrivera.org\/wp-content\/uploads\/2023\/09\/dos-topos.svg","contentUrl":"https:\/\/fundacionalexrivera.org\/wp-content\/uploads\/2023\/09\/dos-topos.svg"},{"@type":"BreadcrumbList","@id":"https:\/\/fundacionalexrivera.org\/en\/contact-the-alex-rivera-foundation\/#breadcrumb","itemListElement":[{"@type":"ListItem","position":1,"name":"Portada","item":"https:\/\/fundacionalexrivera.org\/en\/"},{"@type":"ListItem","position":2,"name":"Contact"}]},{"@type":"WebSite","@id":"https:\/\/fundacionalexrivera.org\/#website","url":"https:\/\/fundacionalexrivera.org\/","name":"Fundaci\u00f3n \u00c1lex Rivera","description":"Estamos en el mundo para que las personas adultas con s\u00edndrome de Down tengan la mejor calidad de vida.","publisher":{"@id":"https:\/\/fundacionalexrivera.org\/#organization"},"alternateName":"La Fundaci\u00f3n \u00c1lex Rivera es, posiblemente, la primera Fundaci\u00f3n a nivel mundial enfocada exclusivamente en la etapa adulta del s\u00edndrome de Down.","potentialAction":[{"@type":"SearchAction","target":{"@type":"EntryPoint","urlTemplate":"https:\/\/fundacionalexrivera.org\/?s={search_term_string}"},"query-input":{"@type":"PropertyValueSpecification","valueRequired":true,"valueName":"search_term_string"}}],"inLanguage":"en-US"},{"@type":"Organization","@id":"https:\/\/fundacionalexrivera.org\/#organization","name":"Fundaci\u00f3n \u00c1lex Rivera","url":"https:\/\/fundacionalexrivera.org\/","logo":{"@type":"ImageObject","inLanguage":"en-US","@id":"https:\/\/fundacionalexrivera.org\/#\/schema\/logo\/image\/","url":"https:\/\/fundacionalexrivera.org\/wp-content\/uploads\/2023\/09\/logo-FundacionAlexRivera.png","contentUrl":"https:\/\/fundacionalexrivera.org\/wp-content\/uploads\/2023\/09\/logo-FundacionAlexRivera.png","width":523,"height":404,"caption":"Fundaci\u00f3n \u00c1lex Rivera"},"image":{"@id":"https:\/\/fundacionalexrivera.org\/#\/schema\/logo\/image\/"},"sameAs":["https:\/\/www.instagram.com\/fundacionalexrivera","https:\/\/www.linkedin.com\/company\/fundaci\u00f3n-alex-rivera\/about\/"]}]}},"_links":{"self":[{"href":"https:\/\/fundacionalexrivera.org\/en\/wp-json\/wp\/v2\/pages\/1068","targetHints":{"allow":["GET"]}}],"collection":[{"href":"https:\/\/fundacionalexrivera.org\/en\/wp-json\/wp\/v2\/pages"}],"about":[{"href":"https:\/\/fundacionalexrivera.org\/en\/wp-json\/wp\/v2\/types\/page"}],"author":[{"embeddable":true,"href":"https:\/\/fundacionalexrivera.org\/en\/wp-json\/wp\/v2\/users\/1"}],"replies":[{"embeddable":true,"href":"https:\/\/fundacionalexrivera.org\/en\/wp-json\/wp\/v2\/comments?post=1068"}],"version-history":[{"count":8,"href":"https:\/\/fundacionalexrivera.org\/en\/wp-json\/wp\/v2\/pages\/1068\/revisions"}],"predecessor-version":[{"id":1251,"href":"https:\/\/fundacionalexrivera.org\/en\/wp-json\/wp\/v2\/pages\/1068\/revisions\/1251"}],"wp:attachment":[{"href":"https:\/\/fundacionalexrivera.org\/en\/wp-json\/wp\/v2\/media?parent=1068"}],"curies":[{"name":"wp","href":"https:\/\/api.w.org\/{rel}","templated":true}]}}