{"id":1031,"date":"2023-09-13T23:25:28","date_gmt":"2023-09-13T21:25:28","guid":{"rendered":"https:\/\/fundacionalexrivera.org\/collaborate\/"},"modified":"2024-04-23T15:32:16","modified_gmt":"2024-04-23T13:32:16","slug":"collaborate","status":"publish","type":"page","link":"https:\/\/fundacionalexrivera.org\/en\/collaborate\/","title":{"rendered":"Collaborate"},"content":{"rendered":"\t\t<div data-elementor-type=\"wp-page\" data-elementor-id=\"1031\" class=\"elementor elementor-1031 elementor-368\" data-elementor-post-type=\"page\">\n\t\t\t\t<div class=\"elementor-element elementor-element-8a63c7d e-flex e-con-boxed e-con e-parent\" data-id=\"8a63c7d\" data-element_type=\"container\" data-settings=\"{&quot;background_background&quot;:&quot;classic&quot;}\">\n\t\t\t\t\t<div class=\"e-con-inner\">\n\t\t<div class=\"elementor-element elementor-element-2235b2f e-con-full e-flex e-con e-child\" data-id=\"2235b2f\" data-element_type=\"container\">\n\t\t\t\t<div class=\"elementor-element elementor-element-a19bb7b elementor-widget elementor-widget-image\" data-id=\"a19bb7b\" data-element_type=\"widget\" data-widget_type=\"image.default\">\n\t\t\t\t<div class=\"elementor-widget-container\">\n\t\t\t\t\t\t\t\t\t\t\t\t\t\t\t<img fetchpriority=\"high\" decoding=\"async\" width=\"640\" height=\"756\" src=\"https:\/\/fundacionalexrivera.org\/wp-content\/uploads\/2023\/09\/c.svg\" class=\"attachment-large size-large wp-image-1014\" alt=\"colaboradores Fundaci\u00f3n Alex Rivera\" \/>\t\t\t\t\t\t\t\t\t\t\t\t\t\t\t<\/div>\n\t\t\t\t<\/div>\n\t\t\t\t<\/div>\n\t\t<div class=\"elementor-element elementor-element-77bb6dc e-con-full e-flex e-con e-child\" data-id=\"77bb6dc\" data-element_type=\"container\">\n\t\t\t\t<div class=\"elementor-element elementor-element-fd70901 elementor-widget elementor-widget-heading\" data-id=\"fd70901\" data-element_type=\"widget\" data-widget_type=\"heading.default\">\n\t\t\t\t<div class=\"elementor-widget-container\">\n\t\t\t\t\t<h2 class=\"elementor-heading-title elementor-size-default\">If you want to help our foundation<\/h2>\t\t\t\t<\/div>\n\t\t\t\t<\/div>\n\t\t\t\t<div class=\"elementor-element elementor-element-c6dd339 elementor-widget elementor-widget-redsys_boton\" data-id=\"c6dd339\" data-element_type=\"widget\" data-widget_type=\"redsys_boton.default\">\n\t\t\t\t<div class=\"elementor-widget-container\">\n\t\t\t\t\t<div class=\"boton-pago-redsys\"><form action=\"https:\/\/sis.redsys.es\/sis\/realizarPago\" method=\"post\" id=\"form_pago_redsys-1772\"><div class=\"form_redsys_campo\"><label for=\"nombre\" class=\"redsys_form_label\">Your name<\/label> <span class=\"required\">*<\/span><br><input class=\"redsys_form_fields redsys_form_fields-text redsys_form_fields-1772\" data-concepto=\"Your name\" type=\"text\" name=\"nombre\" id=\"nombre\" placeholder=\"\" value=\"\" onfocus=\"desmarcaCampo(this);\" required=\"required\"><\/div><div class=\"form_redsys_campo\"><label for=\"4103\" class=\"redsys_form_label\">DNI<\/label> <span class=\"required\">*<\/span><br><input class=\"redsys_form_fields redsys_form_fields-text redsys_form_fields-1772\" data-concepto=\"DNI\" type=\"text\" name=\"4103\" id=\"4103\" placeholder=\"\" value=\"\" onfocus=\"desmarcaCampo(this);\" required=\"required\"><\/div><div class=\"form_redsys_campo\"><label for=\"email\" class=\"redsys_form_label\">Your email<\/label> <span class=\"required\">*<\/span><br><input class=\"redsys_form_fields redsys_form_fields-email redsys_form_fields-1772 email-redsys\" data-concepto=\"Your email\" type=\"email\" name=\"email\" id=\"email_redsys-1772\" placeholder=\"\" value=\"\" onfocus=\"desmarcaCampo(this);\" required=\"required\"><\/div><div class=\"form_redsys_campo\"><label for=\"direccion\" class=\"redsys_form_label\">Direcci\u00f3n<\/label> <span class=\"required\">*<\/span><br><input class=\"redsys_form_fields redsys_form_fields-text redsys_form_fields-1772\" data-concepto=\"Direcci\u00f3n\" type=\"text\" name=\"direccion\" id=\"direccion\" placeholder=\"\" value=\"\" onfocus=\"desmarcaCampo(this);\" required=\"required\"><\/div><div class=\"form_redsys_campo\"><label for=\"metodo-de-pago\" class=\"redsys_form_label\">Payment method<\/label><br><select class=\"redsys_form_fields redsys_form_fields-metodo redsys_form_fields-1772 redsys_form_fields-metodo\" data-type=\"select\" name=\"metodo-pago-redsys-1772\" id=\"metodo-pago-redsys-1772\"><option value=\"C\" selected=\"selected\">Tarjeta<\/option><option value=\"z\" >Bizum<\/option><\/select><\/div><input type=\"hidden\" name=\"Ds_SignatureVersion\" value=\"HMAC_SHA256_V1\" \/><input type=\"hidden\" name=\"Ds_MerchantParameters\" id=\"Ds_MerchantParameters-1772\" \/><input type=\"hidden\" name=\"Ds_Signature\" id=\"Ds_Signature-1772\" \/><input type=\"hidden\" name=\"Ds_Order\" id=\"Ds_Order-1772\" value=\"000047001\" \/><input type=\"hidden\" name=\"Ds_MerchantPaymethods\" id=\"Ds_MerchantPaymethods-1772\" value=\"C\" \/><input type=\"hidden\" name=\"Ds_Merchant_ConsumerLanguage\" id=\"Ds_Merchant_ConsumerLanguage-1772\" value=\"1\" \/><input type=\"hidden\" name=\"http_accept\" id=\"http_accept-1772\" value=\"*\/*\" \/><input type=\"number\" step=\"1.000000\" placeholder=\"Cantidad\" required=\"required\" class=\"cantidad-redsys\" id=\"cantidad_redsys-1772\" required=\"required\" min=\"0\" onfocus=\"this.style.borderColor='#ccc';\" \/> <span class=\"simbolo-moneda\">&euro;<\/span><input type=\"button\" value=\"Donate\" class=\"boton-redsys\" id=\"boton_redsys-1772\" style=\"background-color:#3eb06d;color:#ffffff\" onclick=\"procesaPago('1772');\" \/><br><input type=\"hidden\" name=\"concepto\" id=\"concepto_redsys-1772\" class=\"concepto-redsys\" \/><p class=\"boton-redsys-rgpd\"><input type=\"checkbox\" name=\"boton_redsys_rgpd\" id=\"rgpd_redsys-1772\" aria-required=\"true\" required><span class=\"boton_redsys_rgpd_texto\"> I have read and agree with the <u><a href=\"https:\/\/fundacionalexrivera.org\/en\/terms-and-conditions\/\" target=\"_blank\" rel=\"noopener\">terms and conditions<\/a><\/u> of the website.<div class=\"boton-redsys-texto-rgpd\"><\/div><\/form><\/div>\t\t\t\t<\/div>\n\t\t\t\t<\/div>\n\t\t\t\t<div class=\"elementor-element elementor-element-604e2e5 elementor-widget elementor-widget-spacer\" data-id=\"604e2e5\" data-element_type=\"widget\" data-widget_type=\"spacer.default\">\n\t\t\t\t<div class=\"elementor-widget-container\">\n\t\t\t\t\t\t\t<div class=\"elementor-spacer\">\n\t\t\t<div class=\"elementor-spacer-inner\"><\/div>\n\t\t<\/div>\n\t\t\t\t\t\t<\/div>\n\t\t\t\t<\/div>\n\t\t\t\t<div class=\"elementor-element elementor-element-2ffe5ad elementor-widget elementor-widget-text-editor\" data-id=\"2ffe5ad\" data-element_type=\"widget\" data-widget_type=\"text-editor.default\">\n\t\t\t\t<div class=\"elementor-widget-container\">\n\t\t\t\t\t\t\t\t\t<div class=\"App-Overview\">\n<div class=\"OrderSummaryColumn\" data-testid=\"order-summary-column\">\n<div class=\"ProductSummary\" data-testid=\"product-summary\">\n<div class=\"ProductSummary-info\">\n<div class=\"ProductSummaryDescription ProductSummaryDescription--singleItem\">\n<div class=\"ExpandableText ExpandableText--noMarginRight\">\n<div class=\"ExpandableText--truncated\" data-testid=\"\">Thank you in advance for helping us improve the quality of life of adults with Down syndrome!<\/div>\n<\/div>\n<\/div>\n<\/div>\n<\/div>\n<\/div>\n<\/div>\n<div class=\"App-Payment is-noBackground\">\n<p>&nbsp;<\/p>\n<div class=\"CheckoutPaymentForm\">\n<div class=\"PaymentRequestOrHeader\">\n<div class=\"PaymentHeaderContainer\"><\/div>\n<\/div>\n<\/div>\n<p>&nbsp;<\/p>\n<\/div>\n\t\t\t\t\t\t\t\t<\/div>\n\t\t\t\t<\/div>\n\t\t\t\t<div class=\"elementor-element elementor-element-5ca1c14 elementor-widget__width-auto elementor-widget elementor-widget-image\" data-id=\"5ca1c14\" data-element_type=\"widget\" data-widget_type=\"image.default\">\n\t\t\t\t<div class=\"elementor-widget-container\">\n\t\t\t\t\t\t\t\t\t\t\t\t\t\t\t<img decoding=\"async\" width=\"63\" height=\"33\" src=\"https:\/\/fundacionalexrivera.org\/wp-content\/uploads\/2023\/09\/dos-topos.svg\" class=\"attachment-large size-large wp-image-1000\" alt=\"Fundacion Alex Rivera\" \/>\t\t\t\t\t\t\t\t\t\t\t\t\t\t\t<\/div>\n\t\t\t\t<\/div>\n\t\t\t\t<\/div>\n\t\t\t\t\t<\/div>\n\t\t\t\t<\/div>\n\t\t\t\t<\/div>\n\t\t","protected":false},"excerpt":{"rendered":"<p>If you want to help our foundation Tu nombre *Tu email *M\u00e9todo de pagoTarjetaBizum &euro; Data: job_post_type=post_page&#038;job_post_id=368&#038;job_id=21&#038;source_lang=es&#038;target_lang=en&#038;fields%5Btitle%5D%5Bdata%5D=Collaborate&#038;fields%5Btitle%5D%5Bfinished%5D=on&#038;fields%5Btitle%5D%5Btid%5D=193&#038;fields%5Btitle%5D%5Bformat%5D=base64&#038;fields%5Bexcerpt%5D%5Bdata%5D=&#038;fields%5Bexcerpt%5D%5Bfinished%5D=on&#038;fields%5Bexcerpt%5D%5Btid%5D=195&#038;fields%5Bexcerpt%5D%5Bformat%5D=base64&#038;fields%5Burl%5D%5Bdata%5D=collaborate&#038;fields%5Burl%5D%5Bfinished%5D=on&#038;fields%5Burl%5D%5Btid%5D=196&#038;fields%5Burl%5D%5Bformat%5D=base64&#038;fields%5Bfield-_yoast_wpseo_metadesc-0%5D%5Bdata%5D=If%20you%20want%20to%20help%20our%20foundation%2C%20you%20can%20donate%20here.&#038;fields%5Bfield-_yoast_wpseo_metadesc-0%5D%5Bfinished%5D=on&#038;fields%5Bfield-_yoast_wpseo_metadesc-0%5D%5Btid%5D=186&#038;fields%5Bfield-_yoast_wpseo_metadesc-0%5D%5Bformat%5D=base64&#038;fields%5Bfield-_yoast_wpseo_focuskw-0%5D%5Bdata%5D=If%20you%20want%20to%20help%20our%20foundation%2C%20you%20can%20donate%20here.&#038;fields%5Bfield-_yoast_wpseo_focuskw-0%5D%5Bfinished%5D=on&#038;fields%5Bfield-_yoast_wpseo_focuskw-0%5D%5Btid%5D=189&#038;fields%5Bfield-_yoast_wpseo_focuskw-0%5D%5Bformat%5D=base64&#038;fields%5Bpackage-string-2-5366%5D%5Bdata%5D=If%20you%20want%20to%20help%20our%20foundation&#038;fields%5Bpackage-string-2-5366%5D%5Bfinished%5D=on&#038;fields%5Bpackage-string-2-5366%5D%5Btid%5D=199&#038;fields%5Bpackage-string-2-5366%5D%5Bformat%5D=base64&#038;package-string-2-5367_original=%3Cdiv%20class%3D%22App-Overview%22%3E%3Cdiv%20class%3D%22OrderSummaryColumn%22%20data-testid%3D%22order-summary-column%22%3E%3Cdiv%20class%3D%22ProductSummary%22%20data-testid%3D%22product-summary%22%3E%3Cdiv%20class%3D%22ProductSummary-info%22%3E%3Cdiv%20class%3D%22ProductSummaryDescription%20ProductSummaryDescription&#8211;singleItem%22%3E%3Cdiv%20class%3D%22ExpandableText%20ExpandableText&#8211;noMarginRight%22%3E%3Cdiv%20class%3D%22ExpandableText&#8211;truncated%22%20data-testid%3D%22%22%3E%C2%A1Gracias%20de%20antemano%20por%20ayudarnos%20a%20mejorar%20la%20calidad%20de%20vida%20de%20las%20personas%20adultas%20con%20s%C3%ADndrome%20de%20Down!%3C%2Fdiv%3E%3C%2Fdiv%3E%3C%2Fdiv%3E%3C%2Fdiv%3E%3C%2Fdiv%3E%3C%2Fdiv%3E%3C%2Fdiv%3E%3Cdiv%20class%3D%22App-Payment%20is-noBackground%22%3E%3Cmain%3E%3Cdiv%20class%3D%22CheckoutPaymentForm%22%3E%3Cdiv%20class%3D%22PaymentRequestOrHeader%22%3E%3Cdiv%20class%3D%22PaymentHeaderContainer%22%3E%C2%A0%3C%2Fdiv%3E%3C%2Fdiv%3E%3C%2Fdiv%3E%3C%2Fmain%3E%3C%2Fdiv%3E&#038;fields%5Bpackage-string-2-5367%5D%5Bdata%5D=%3Cdiv%20class%3D%22App-Overview%22%3E%0D%0A%3Cdiv%20class%3D%22OrderSummaryColumn%22%20data-testid%3D%22order-summary-column%22%3E%0D%0A%3Cdiv%20class%3D%22ProductSummary%22%20data-testid%3D%22product-summary%22%3E%0D%0A%3Cdiv%20class%3D%22ProductSummary-info%22%3E%0D%0A%3Cdiv%20class%3D%22ProductSummaryDescription%20ProductSummaryDescription&#8211;singleItem%22%3E%0D%0A%3Cdiv%20class%3D%22ExpandableText%20ExpandableText&#8211;noMarginRight%22%3E%0D%0A%3Cdiv%20class%3D%22ExpandableText&#8211;truncated%22%20data-testid%3D%22%22%3EThank%20you%20in%20advance%20for%20helping%20us%20improve%20the%20quality%20of%20life%20of%20adults%20with%20Down%20syndrome!%3C%2Fdiv%3E%0D%0A%3C%2Fdiv%3E%0D%0A%3C%2Fdiv%3E%0D%0A%3C%2Fdiv%3E%0D%0A%3C%2Fdiv%3E%0D%0A%3C%2Fdiv%3E%0D%0A%3C%2Fdiv%3E%0D%0A%3Cdiv%20class%3D%22App-Payment%20is-noBackground%22%3E%0D%0A%0D%0A%26nbsp%3B%0D%0A%3Cdiv%20class%3D%22CheckoutPaymentForm%22%3E%0D%0A%3Cdiv%20class%3D%22PaymentRequestOrHeader%22%3E%0D%0A%3Cdiv%20class%3D%22PaymentHeaderContainer%22%3E%3C%2Fdiv%3E%0D%0A%3C%2Fdiv%3E%0D%0A%3C%2Fdiv%3E%0D%0A%26nbsp%3B%0D%0A%0D%0A%3C%2Fdiv%3E&#038;fields%5Bpackage-string-2-5367%5D%5Btid%5D=200&#038;fields%5Bpackage-string-2-5367%5D%5Bformat%5D=base64&#038;fields%5Bpackage-string-2-5367%5D%5Bfinished%5D=on&#038;complete=on icl nonce: 072fd7cbc5Post ID: 1031Trid: 368<\/p>\n","protected":false},"author":1,"featured_media":0,"parent":0,"menu_order":0,"comment_status":"closed","ping_status":"closed","template":"elementor_header_footer","meta":{"_acf_changed":false,"footnotes":""},"class_list":["post-1031","page","type-page","status-publish","hentry"],"acf":[],"yoast_head":"<!-- This site is optimized with the Yoast SEO plugin v27.5 - https:\/\/yoast.com\/product\/yoast-seo-wordpress\/ -->\n<title>Collaborate &#8902; Fundaci\u00f3n \u00c1lex Rivera<\/title>\n<meta name=\"description\" content=\"If you want to help our foundation, you can donate here.\" \/>\n<meta name=\"robots\" content=\"index, follow, max-snippet:-1, max-image-preview:large, max-video-preview:-1\" \/>\n<link rel=\"canonical\" href=\"https:\/\/fundacionalexrivera.org\/colabora\/\" \/>\n<meta property=\"og:locale\" content=\"en_US\" \/>\n<meta property=\"og:type\" content=\"article\" \/>\n<meta property=\"og:title\" content=\"Collaborate &#8902; Fundaci\u00f3n \u00c1lex Rivera\" \/>\n<meta property=\"og:description\" content=\"If you want to help our foundation, you can donate here.\" \/>\n<meta property=\"og:url\" content=\"https:\/\/fundacionalexrivera.org\/colabora\/\" \/>\n<meta property=\"og:site_name\" content=\"Fundaci\u00f3n \u00c1lex Rivera\" \/>\n<meta property=\"article:modified_time\" content=\"2024-04-23T13:32:16+00:00\" \/>\n<meta property=\"og:image\" content=\"https:\/\/fundacionalexrivera.org\/wp-content\/uploads\/2023\/09\/c.svg\" \/>\n<meta name=\"twitter:card\" content=\"summary_large_image\" \/>\n<meta name=\"twitter:label1\" content=\"Est. reading time\" \/>\n\t<meta name=\"twitter:data1\" content=\"1 minute\" \/>\n<script type=\"application\/ld+json\" class=\"yoast-schema-graph\">{\"@context\":\"https:\\\/\\\/schema.org\",\"@graph\":[{\"@type\":\"WebPage\",\"@id\":\"https:\\\/\\\/fundacionalexrivera.org\\\/colabora\\\/\",\"url\":\"https:\\\/\\\/fundacionalexrivera.org\\\/colabora\\\/\",\"name\":\"Collaborate &#8902; Fundaci\u00f3n \u00c1lex Rivera\",\"isPartOf\":{\"@id\":\"https:\\\/\\\/fundacionalexrivera.org\\\/#website\"},\"primaryImageOfPage\":{\"@id\":\"https:\\\/\\\/fundacionalexrivera.org\\\/colabora\\\/#primaryimage\"},\"image\":{\"@id\":\"https:\\\/\\\/fundacionalexrivera.org\\\/colabora\\\/#primaryimage\"},\"thumbnailUrl\":\"https:\\\/\\\/fundacionalexrivera.org\\\/wp-content\\\/uploads\\\/2023\\\/09\\\/c.svg\",\"datePublished\":\"2023-09-13T21:25:28+00:00\",\"dateModified\":\"2024-04-23T13:32:16+00:00\",\"description\":\"If you want to help our foundation, you can donate here.\",\"breadcrumb\":{\"@id\":\"https:\\\/\\\/fundacionalexrivera.org\\\/colabora\\\/#breadcrumb\"},\"inLanguage\":\"en-US\",\"potentialAction\":[{\"@type\":\"ReadAction\",\"target\":[\"https:\\\/\\\/fundacionalexrivera.org\\\/colabora\\\/\"]}]},{\"@type\":\"ImageObject\",\"inLanguage\":\"en-US\",\"@id\":\"https:\\\/\\\/fundacionalexrivera.org\\\/colabora\\\/#primaryimage\",\"url\":\"https:\\\/\\\/fundacionalexrivera.org\\\/wp-content\\\/uploads\\\/2023\\\/09\\\/c.svg\",\"contentUrl\":\"https:\\\/\\\/fundacionalexrivera.org\\\/wp-content\\\/uploads\\\/2023\\\/09\\\/c.svg\"},{\"@type\":\"BreadcrumbList\",\"@id\":\"https:\\\/\\\/fundacionalexrivera.org\\\/colabora\\\/#breadcrumb\",\"itemListElement\":[{\"@type\":\"ListItem\",\"position\":1,\"name\":\"Portada\",\"item\":\"https:\\\/\\\/fundacionalexrivera.org\\\/en\\\/\"},{\"@type\":\"ListItem\",\"position\":2,\"name\":\"Collaborate\"}]},{\"@type\":\"WebSite\",\"@id\":\"https:\\\/\\\/fundacionalexrivera.org\\\/#website\",\"url\":\"https:\\\/\\\/fundacionalexrivera.org\\\/\",\"name\":\"Fundaci\u00f3n \u00c1lex Rivera\",\"description\":\"Estamos en el mundo para que las personas adultas con s\u00edndrome de Down tengan la mejor calidad de vida.\",\"publisher\":{\"@id\":\"https:\\\/\\\/fundacionalexrivera.org\\\/#organization\"},\"alternateName\":\"La Fundaci\u00f3n \u00c1lex Rivera es, posiblemente, la primera Fundaci\u00f3n a nivel mundial enfocada exclusivamente en la etapa adulta del s\u00edndrome de Down.\",\"potentialAction\":[{\"@type\":\"SearchAction\",\"target\":{\"@type\":\"EntryPoint\",\"urlTemplate\":\"https:\\\/\\\/fundacionalexrivera.org\\\/?s={search_term_string}\"},\"query-input\":{\"@type\":\"PropertyValueSpecification\",\"valueRequired\":true,\"valueName\":\"search_term_string\"}}],\"inLanguage\":\"en-US\"},{\"@type\":\"Organization\",\"@id\":\"https:\\\/\\\/fundacionalexrivera.org\\\/#organization\",\"name\":\"Fundaci\u00f3n \u00c1lex Rivera\",\"url\":\"https:\\\/\\\/fundacionalexrivera.org\\\/\",\"logo\":{\"@type\":\"ImageObject\",\"inLanguage\":\"en-US\",\"@id\":\"https:\\\/\\\/fundacionalexrivera.org\\\/#\\\/schema\\\/logo\\\/image\\\/\",\"url\":\"https:\\\/\\\/fundacionalexrivera.org\\\/wp-content\\\/uploads\\\/2023\\\/09\\\/logo-FundacionAlexRivera.png\",\"contentUrl\":\"https:\\\/\\\/fundacionalexrivera.org\\\/wp-content\\\/uploads\\\/2023\\\/09\\\/logo-FundacionAlexRivera.png\",\"width\":523,\"height\":404,\"caption\":\"Fundaci\u00f3n \u00c1lex Rivera\"},\"image\":{\"@id\":\"https:\\\/\\\/fundacionalexrivera.org\\\/#\\\/schema\\\/logo\\\/image\\\/\"},\"sameAs\":[\"https:\\\/\\\/www.instagram.com\\\/fundacionalexrivera\",\"https:\\\/\\\/www.linkedin.com\\\/company\\\/fundaci\u00f3n-alex-rivera\\\/about\\\/\"]}]}<\/script>\n<!-- \/ Yoast SEO plugin. -->","yoast_head_json":{"title":"Collaborate &#8902; Fundaci\u00f3n \u00c1lex Rivera","description":"If you want to help our foundation, you can donate here.","robots":{"index":"index","follow":"follow","max-snippet":"max-snippet:-1","max-image-preview":"max-image-preview:large","max-video-preview":"max-video-preview:-1"},"canonical":"https:\/\/fundacionalexrivera.org\/colabora\/","og_locale":"en_US","og_type":"article","og_title":"Collaborate &#8902; Fundaci\u00f3n \u00c1lex Rivera","og_description":"If you want to help our foundation, you can donate here.","og_url":"https:\/\/fundacionalexrivera.org\/colabora\/","og_site_name":"Fundaci\u00f3n \u00c1lex Rivera","article_modified_time":"2024-04-23T13:32:16+00:00","og_image":[{"url":"https:\/\/fundacionalexrivera.org\/wp-content\/uploads\/2023\/09\/c.svg","type":"","width":"","height":""}],"twitter_card":"summary_large_image","twitter_misc":{"Est. reading time":"1 minute"},"schema":{"@context":"https:\/\/schema.org","@graph":[{"@type":"WebPage","@id":"https:\/\/fundacionalexrivera.org\/colabora\/","url":"https:\/\/fundacionalexrivera.org\/colabora\/","name":"Collaborate &#8902; Fundaci\u00f3n \u00c1lex Rivera","isPartOf":{"@id":"https:\/\/fundacionalexrivera.org\/#website"},"primaryImageOfPage":{"@id":"https:\/\/fundacionalexrivera.org\/colabora\/#primaryimage"},"image":{"@id":"https:\/\/fundacionalexrivera.org\/colabora\/#primaryimage"},"thumbnailUrl":"https:\/\/fundacionalexrivera.org\/wp-content\/uploads\/2023\/09\/c.svg","datePublished":"2023-09-13T21:25:28+00:00","dateModified":"2024-04-23T13:32:16+00:00","description":"If you want to help our foundation, you can donate here.","breadcrumb":{"@id":"https:\/\/fundacionalexrivera.org\/colabora\/#breadcrumb"},"inLanguage":"en-US","potentialAction":[{"@type":"ReadAction","target":["https:\/\/fundacionalexrivera.org\/colabora\/"]}]},{"@type":"ImageObject","inLanguage":"en-US","@id":"https:\/\/fundacionalexrivera.org\/colabora\/#primaryimage","url":"https:\/\/fundacionalexrivera.org\/wp-content\/uploads\/2023\/09\/c.svg","contentUrl":"https:\/\/fundacionalexrivera.org\/wp-content\/uploads\/2023\/09\/c.svg"},{"@type":"BreadcrumbList","@id":"https:\/\/fundacionalexrivera.org\/colabora\/#breadcrumb","itemListElement":[{"@type":"ListItem","position":1,"name":"Portada","item":"https:\/\/fundacionalexrivera.org\/en\/"},{"@type":"ListItem","position":2,"name":"Collaborate"}]},{"@type":"WebSite","@id":"https:\/\/fundacionalexrivera.org\/#website","url":"https:\/\/fundacionalexrivera.org\/","name":"Fundaci\u00f3n \u00c1lex Rivera","description":"Estamos en el mundo para que las personas adultas con s\u00edndrome de Down tengan la mejor calidad de vida.","publisher":{"@id":"https:\/\/fundacionalexrivera.org\/#organization"},"alternateName":"La Fundaci\u00f3n \u00c1lex Rivera es, posiblemente, la primera Fundaci\u00f3n a nivel mundial enfocada exclusivamente en la etapa adulta del s\u00edndrome de Down.","potentialAction":[{"@type":"SearchAction","target":{"@type":"EntryPoint","urlTemplate":"https:\/\/fundacionalexrivera.org\/?s={search_term_string}"},"query-input":{"@type":"PropertyValueSpecification","valueRequired":true,"valueName":"search_term_string"}}],"inLanguage":"en-US"},{"@type":"Organization","@id":"https:\/\/fundacionalexrivera.org\/#organization","name":"Fundaci\u00f3n \u00c1lex Rivera","url":"https:\/\/fundacionalexrivera.org\/","logo":{"@type":"ImageObject","inLanguage":"en-US","@id":"https:\/\/fundacionalexrivera.org\/#\/schema\/logo\/image\/","url":"https:\/\/fundacionalexrivera.org\/wp-content\/uploads\/2023\/09\/logo-FundacionAlexRivera.png","contentUrl":"https:\/\/fundacionalexrivera.org\/wp-content\/uploads\/2023\/09\/logo-FundacionAlexRivera.png","width":523,"height":404,"caption":"Fundaci\u00f3n \u00c1lex Rivera"},"image":{"@id":"https:\/\/fundacionalexrivera.org\/#\/schema\/logo\/image\/"},"sameAs":["https:\/\/www.instagram.com\/fundacionalexrivera","https:\/\/www.linkedin.com\/company\/fundaci\u00f3n-alex-rivera\/about\/"]}]}},"_links":{"self":[{"href":"https:\/\/fundacionalexrivera.org\/en\/wp-json\/wp\/v2\/pages\/1031","targetHints":{"allow":["GET"]}}],"collection":[{"href":"https:\/\/fundacionalexrivera.org\/en\/wp-json\/wp\/v2\/pages"}],"about":[{"href":"https:\/\/fundacionalexrivera.org\/en\/wp-json\/wp\/v2\/types\/page"}],"author":[{"embeddable":true,"href":"https:\/\/fundacionalexrivera.org\/en\/wp-json\/wp\/v2\/users\/1"}],"replies":[{"embeddable":true,"href":"https:\/\/fundacionalexrivera.org\/en\/wp-json\/wp\/v2\/comments?post=1031"}],"version-history":[{"count":19,"href":"https:\/\/fundacionalexrivera.org\/en\/wp-json\/wp\/v2\/pages\/1031\/revisions"}],"predecessor-version":[{"id":1317,"href":"https:\/\/fundacionalexrivera.org\/en\/wp-json\/wp\/v2\/pages\/1031\/revisions\/1317"}],"wp:attachment":[{"href":"https:\/\/fundacionalexrivera.org\/en\/wp-json\/wp\/v2\/media?parent=1031"}],"curies":[{"name":"wp","href":"https:\/\/api.w.org\/{rel}","templated":true}]}}